{"id":2,"date":"2012-08-24T20:38:46","date_gmt":"2012-08-24T20:38:46","guid":{"rendered":"http:\/\/naturheilpraxis.topcu.de\/?page_id=2"},"modified":"2020-10-31T12:11:51","modified_gmt":"2020-10-31T11:11:51","slug":"beispiel-seite","status":"publish","type":"page","link":"http:\/\/naturheilpraxis.topcu.de\/?page_id=2","title":{"rendered":"Behandlungen"},"content":{"rendered":"<p><strong>Vitamin C Hochdosistherapie\u00a0<\/strong><\/p>\n<p>Diese Therapie dient zur Pr\u00e4vention und zur Behandlung zahlreicher Erkrankungen. Schwerpunkte sind die Onkologie, Infektiologie und Allergologie.<\/p>\n<p><strong>Orthomolekulare Therapie\u00a0<\/strong><\/p>\n<p>Diese Therapie nach Pauling \u201edie Erhaltung guter Gesundheit und Behandlung von Krankheiten durch die Ver\u00e4nderung der Konzentrationen von Substanzen im menschlichen K\u00f6rper, die normalerweise im K\u00f6rper vorhanden und f\u00fcr die Gesundheit erforderlich sind. Ziel ist es, nach einer Blutanalyse bei vorhandenen Defiziten Ihren N\u00e4hrstoffhaushalt auszugleichen.<\/p>\n<p><strong>Baunscheidttherapie\u00a0<\/strong><\/p>\n<p>Mit der\u00a0<b>Baunscheidttherapie<\/b>\u00a0werden chronische Entz\u00fcndungen, Schmerz- und Reizzust\u00e4nde und Verkrampfungen, Rheumatismus, Gicht, Multiple Sklerose, Lungenleiden, Bandscheibensch\u00e4den, Migr\u00e4ne u.a. behandelt. Die Therapie erfolgt durch Nadelbehandlungen mit anschlie\u00dfendem Einreiben heilungsf\u00f6rdernder \u00d6le.<\/p>\n<p><strong>Biochemie nach Sch\u00fc\u00dfler<\/strong><\/p>\n<p><b>Sch\u00fc\u00dfler-Salze<\/b>\u00a0sind Mineralsalze\u00a0in hom\u00f6opathischer Dosierung. Basiert auf der Annahme, das Krankheiten allgemein durch die St\u00f6rungen des Mineralhaushalts der K\u00f6rperzellen entstehen, wird durch die hom\u00f6opathische Gaben von Mineralien die Heilung angestrebt.<\/p>\n<p><strong>Blutegeltherapie<\/strong><\/p>\n<p>Durch das Anlegen von Blutegeln\u00a0an geeigneter Stelle wird ein kleiner Aderlass durchgef\u00fchrt. Die im Speichel der Egel u.a. enthaltenen Stoffe &#8222;Heparin&#8220; und &#8222;Hirudin&#8220; besitzen\u00a0gerinnungshemmenden,\u00a0gef\u00e4\u00dferweiternde beziehungsweise entkrampfende Wirkung. Dadurch kann der ven\u00f6se Abfluss angestauten Blutes angeregt werden.<\/p>\n<p><strong>Ern\u00e4hrungstherapie (Ayurveda)<\/strong><\/p>\n<p>Es handelt sich hierbei um eine Ern\u00e4hrungsberatung nach Ayurveda, bei dem eine individuelle Ern\u00e4hrung nach Ihrem Konstitutionstypen mit m\u00f6glichst frisch zubereiteter Nahrung im Focus steht.<\/p>\n<p>weitere Therapien:<\/p>\n<ul>\n<li><strong>Hom\u00f6opathie<\/strong> (<a href=\"http:\/\/de.wikipedia.org\/wiki\/Hom%C3%B6opathie\">Hom\u00f6opathie \u2013 Wikipedia<\/a>.)<\/li>\n<li><strong>Neuraltherapie<\/strong> (<a href=\"http:\/\/de.wikipedia.org\/wiki\/Neuraltherapie\">Neuraltherapie \u2013 Wikipedia<\/a>.)<\/li>\n<li><strong>Ohrakupunktur<\/strong> (<a href=\"http:\/\/de.wikipedia.org\/wiki\/Akupunktur\">Akupunktur \u2013 Wikipedia<\/a>.)<\/li>\n<li><strong>Phytotherapie<\/strong> (<a href=\"http:\/\/de.wikipedia.org\/wiki\/Pflanzenheilkunde\">Pflanzenheilkunde \u2013 Wikipedia<\/a>.)<\/li>\n<li><strong>Schr\u00f6pfen<\/strong> (<a href=\"http:\/\/de.wikipedia.org\/wiki\/Schr%C3%B6pfen\">Schr\u00f6pfen \u2013 Wikipedia<\/a>.)<\/li>\n<\/ul>\n","protected":false},"excerpt":{"rendered":"<p>Vitamin C Hochdosistherapie\u00a0 Diese Therapie dient zur Pr\u00e4vention und zur Behandlung zahlreicher Erkrankungen. Schwerpunkte sind die Onkologie, Infektiologie und Allergologie. Orthomolekulare Therapie\u00a0 Diese Therapie nach Pauling \u201edie Erhaltung guter Gesundheit und Behandlung von Krankheiten durch die Ver\u00e4nderung der Konzentrationen von &hellip; <a href=\"http:\/\/naturheilpraxis.topcu.de\/?page_id=2\">Weiterlesen <span class=\"meta-nav\">&rarr;<\/span><\/a><\/p>\n","protected":false},"author":1,"featured_media":0,"parent":0,"menu_order":0,"comment_status":"open","ping_status":"open","template":"","meta":{"footnotes":""},"class_list":["post-2","page","type-page","status-publish","hentry"],"_links":{"self":[{"href":"http:\/\/naturheilpraxis.topcu.de\/index.php?rest_route=\/wp\/v2\/pages\/2","targetHints":{"allow":["GET"]}}],"collection":[{"href":"http:\/\/naturheilpraxis.topcu.de\/index.php?rest_route=\/wp\/v2\/pages"}],"about":[{"href":"http:\/\/naturheilpraxis.topcu.de\/index.php?rest_route=\/wp\/v2\/types\/page"}],"author":[{"embeddable":true,"href":"http:\/\/naturheilpraxis.topcu.de\/index.php?rest_route=\/wp\/v2\/users\/1"}],"replies":[{"embeddable":true,"href":"http:\/\/naturheilpraxis.topcu.de\/index.php?rest_route=%2Fwp%2Fv2%2Fcomments&post=2"}],"version-history":[{"count":14,"href":"http:\/\/naturheilpraxis.topcu.de\/index.php?rest_route=\/wp\/v2\/pages\/2\/revisions"}],"predecessor-version":[{"id":246,"href":"http:\/\/naturheilpraxis.topcu.de\/index.php?rest_route=\/wp\/v2\/pages\/2\/revisions\/246"}],"wp:attachment":[{"href":"http:\/\/naturheilpraxis.topcu.de\/index.php?rest_route=%2Fwp%2Fv2%2Fmedia&parent=2"}],"curies":[{"name":"wp","href":"https:\/\/api.w.org\/{rel}","templated":true}]}}