{"id":232,"date":"2018-06-03T18:19:55","date_gmt":"2018-06-03T16:19:55","guid":{"rendered":"http:\/\/naturheilpraxis.topcu.de\/?page_id=232"},"modified":"2018-06-03T21:03:01","modified_gmt":"2018-06-03T19:03:01","slug":"datenschutzerklaerung","status":"publish","type":"page","link":"http:\/\/naturheilpraxis.topcu.de\/?page_id=232","title":{"rendered":"Datenschutzerkl\u00e4rung"},"content":{"rendered":"<p>Sehr geehrter Besucher meiner Homepage,<\/p>\n<p>ich bin verpflichtet, Sie umfassend \u00fcber den Umfang und den Zweck der im Rahmen der Homepagenutzung erhobener Daten und Ihre damit verbundenen Rechte zu informieren.\u00a0Die folgenden Datenschutzerkl\u00e4rung gilt f\u00fcr die Datenverarbeitung durch die &#8222;Naturheilpraxis Topcu&#8220;.<\/p>\n<h2><strong>Betreiber und inhaltlich Verantwortlicher:<\/strong><\/h2>\n<p>M\u00fcjgan Topcu &#8211; Heilpraktikerin<br \/>\nE-Mail: \u00a0 \u00a0 \u00a0\u00a0<a title=\"mailto:naturheilpraxis@topcu.de\" href=\"mailto:naturheilpraxis@topcu.de\">naturheilpraxis@topcu.de<br \/>\n<\/a>Internet: \u00a0 \u00a0\u00a0<a title=\"http:\/\/www.naturheilpraxis-topcu.de\" href=\"http:\/\/www.naturheilpraxis-topcu.de\/\">naturheilpraxis-topcu.de<br \/>\n<\/a>Rechtliche Grundlagen: Aus\u00fcbung der T\u00e4tigkeit gem\u00e4\u00df der &#8222;Berufsordnung f\u00fcr Heilpraktiker&#8220; (BOH)\u00a0und dem &#8222;Gesetz \u00fcber die berufsm\u00e4\u00dfige Aus\u00fcbung der Heilkunde ohne Bestallung&#8220; (Heilpraktikergesetz).<br \/>\nVerbandsmitgliedschaft:\u00a0<a href=\"http:\/\/www.heilpraktiker.org\/\">FDH \u2013 Fachverband Deutscher Heilpraktiker<\/a>.<br \/>\nAufsichtsbeh\u00f6rde:\u00a0Landratsamt B\u00f6blingen<\/p>\n<h2><strong>Hinweise zur Datenverarbeitung<\/strong><\/h2>\n<p>Ihre personenbezogenen Daten (z.B. Anrede, Name, Anschrift, E-Mail-Adresse, Telefonnummer) werden von mir nur gem\u00e4\u00df den Bestimmungen des deutschen Datenschutzrechts und des Datenschutzrechts der Europ\u00e4ischen Union (EU) verarbeitet. Die nachfolgenden Vorschriften informieren Sie neben den Verarbeitungszwecken, Rechtsgrundlagen,Empf\u00e4ngern, Speicherfristen auch \u00fcber Ihre Rechte und den Verantwortlichen f\u00fcr Ihre Datenverarbeitung. Diese Datenschutzerkl\u00e4rung bezieht sich nur auf meine Website. Falls Sie \u00fcber Links auf unseren Seiten auf andere Seiten weitergeleitet werden, informieren Sie sich bitte dort \u00fcber den jeweiligen Umgang mit Ihren Daten.<\/p>\n<p>Auf meiner Homepage k\u00f6nnen ohne Registrierung keine personenbezogenen Daten eingegeben oder angezeigt werden.<\/p>\n<h2><strong>Datenschutz<\/strong><\/h2>\n<p>Die Erhebung und Nutzung Ihrer Daten erfolgt streng nach den Vorgaben des Bundesdatenschutzgesetzes (BDSG) und des Telemediengesetzes (TMG) sowie der Datenschutz Grundverordnung (DSGVO).<br \/>\nIch f\u00fchle mich der Vertraulichkeit Ihrer personenbezogenen Daten besonders verpflichtet und arbeite deshalb streng innerhalb der Grenzen, die die gesetzlichen Vorgaben mir setzen. Die Erhebung dieser personenbezogenen Daten erfolgt auf freiwilliger Basis, wenn das m\u00f6glich ist. Auch werden diese Daten nur mit Ihrer ausdr\u00fccklichen Zustimmung an Dritte weitergegeben. Ich weise an dieser Stelle auf die allgemeinen Gefahren der Internetnutzung hin, auf die ich keinen Einfluss habe. Besonders im E-Mail-Verkehr sind Ihre Daten ohne weitere Vorkehrungen nicht sicher und k\u00f6nnen unter Umst\u00e4nden von Dritten erfasst werden.<\/p>\n<h2><strong>Kontaktformular und Kommentare<\/strong><\/h2>\n<p>Wenn registrierte Besucher Kommentare auf der Website schreiben, sammeln wir die Daten, die im Kommentar-Formular angezeigt werden, au\u00dferdem die IP-Adresse des Besuchers und den User-Agent-String (damit wird der Browser identifiziert), um die Erkennung von Spam zu unterst\u00fctzen.<\/p>\n<p>Aus Ihrer E-Mail-Adresse kann eine anonymisierte Zeichenfolge erstellt (auch Hash genannt) und dem Gravatar-Dienst \u00fcbergeben werden, um zu pr\u00fcfen, ob Sie diesen benutzen. Die Datenschutzerkl\u00e4rung des Gravatar-Dienstes finden Sie hier: https:\/\/automattic.com\/privacy\/. Nachdem Ihr Kommentar freigegeben wurde, ist das Profilbild \u00f6ffentlich im Kontext Ihres Kommentars sichtbar.<\/p>\n<p>Wenn Sie ein registrierter Benutzer sind und Fotos auf diese Website laden, sollten Sie vermeiden, Fotos mit einem EXIF-GPS-Standort hochzuladen. Besucher dieser Website k\u00f6nnten Fotos, die auf dieser Website gespeichert sind, herunterladen und deren Standort-Informationen extrahieren.<\/p>\n<p>Eine Kontaktformular- und Kommentar-Funktion ist aktuell nicht verf\u00fcgbar.<\/p>\n<h2><strong>Cookies<\/strong><\/h2>\n<p>Im allgemeinen verwenden Internetseiten gerne sogenannte Cookies. Cookies richten auf Ihrem Rechner keinen Schaden an und enthalten keine Viren. Cookies dienen dazu, das Homepage \u00a0Angebot nutzerfreundlicher, effektiver und sicherer zu machen. Cookies sind kleine Textdateien, die auf Ihrem Rechner abgelegt werden und die der Browser speichert. Cookies erm\u00f6glichen es einer Homepage, Ihren Browser beim n\u00e4chsten Besuch zu erkennen.<\/p>\n<p>Wenn Sie einen Kommentar auf meiner Website schreiben, kann das eine Einwilligung sein, Ihren Namen, E-Mail-Adresse und Website in Cookies zu speichern. Dies ist eine Komfortfunktion, damit Sie nicht, wenn Sie einen weiteren Kommentar schreiben, all diese Daten erneut eingeben m\u00fcssen. Diese Cookies werden ein Jahr lang gespeichert.<\/p>\n<p>Falls Sie ein Konto haben und sich auf dieser Website anmelden, wird ein tempor\u00e4res Cookie gesetzt, um festzustellen, ob Ihr Browser Cookies akzeptiert. Dieses Cookie enth\u00e4lt keine personenbezogenen Daten und wird verworfen, wenn Sie Ihren Browser schlie\u00dfen.<\/p>\n<p>Wenn Sie sich anmelden, werden einige Cookies erstellt, um Ihre Anmeldeinformationen und Anzeigeoptionen zu speichern. Anmelde-Cookies verfallen nach zwei Tagen und Cookies f\u00fcr die Anzeigeoptionen nach einem Jahr. Falls Sie bei der Anmeldung \u201eAngemeldet bleiben\u201c ausw\u00e4hlen, wird Ihre Anmeldung zwei Wochen lang aufrechterhalten. Mit der Abmeldung aus Ihrem Konto werden die Anmelde-Cookies gel\u00f6scht.<\/p>\n<p>Wenn Sie einen Artikel bearbeiten oder ver\u00f6ffentlichen, wird ein zus\u00e4tzlicher Cookie in Irem Browser gespeichert. Dieser Cookie enth\u00e4lt keine personenbezogenen Daten und verweist nur auf die Beitrags-ID des Artikels, den Sie gerade bearbeitet haben. Der Cookie verf\u00e4llt nach einem Tag.<\/p>\n<h2><strong>Eingebettete Inhalte anderer Websites<\/strong><\/h2>\n<p>Beitr\u00e4ge auf dieser Website k\u00f6nnen eingebettete Inhalte beinhalten (z.\u00a0B. Videos, Bilder, Beitr\u00e4ge etc.). Eingebettete Inhalte von anderen Websites verhalten sich exakt so, als ob der Besucher die andere Website besucht h\u00e4tte.<\/p>\n<p>Diese Websites k\u00f6nnen Daten \u00fcber Sie sammeln, Cookies benutzen, zus\u00e4tzliche Tracking-Dienste von Dritten einbetten und Ihre Interaktion mit diesem eingebetteten Inhalt aufzeichnen, inklusive Ihrer Interaktion mit dem eingebetteten Inhalt, falls Sie ein Konto haben und auf dieser Website angemeldet sind.<\/p>\n<h2><strong>Haftung f\u00fcr Links:<\/strong><\/h2>\n<p>Meine Seite enth\u00e4lt Links zu externen Webseiten Dritter, auf deren Inhalte ich keinen Einfluss habe. Deshalb kann ich f\u00fcr diese fremden Inhalte auch keine Gew\u00e4hr \u00fcbernehmen. F\u00fcr die Inhalte der verlinkten Seiten ist stets der jeweilige Anbieter oder Betreiber der Seiten verantwortlich. Die verlinkten Seiten wurden zum Zeitpunkt der Verlinkung auf m\u00f6gliche Rechtsverst\u00f6\u00dfe \u00fcberpr\u00fcft. Rechtswidrige Inhalte waren zum Zeitpunkt der Verlinkung nicht erkennbar. Eine permanente inhaltliche Kontrolle der verlinkten Seiten ist jedoch ohne konkrete Anhaltspunkte einer Rechtsverletzung nicht zumutbar. Bei Bekanntwerden von Rechtsverletzungen werde ich derartige Links umgehend entfernen. (Quellenangabe: Disclaimer Recht24)<\/p>\n<h2><strong>Server-Log-Files<\/strong><\/h2>\n<p>Der Provider meiner Seiten erhebt und speichert automatisch Informationen in sogenannten Server-Log-Files, die Ihr Browser automatisch \u00fcbermittelt. Dies sind: Browsertyp und Browserversion, verwendetes Betriebssystem, Referrer URL, Hostname des zugreifenden Rechners, Uhrzeit der Serveranfrage. Diese Dateien sind nicht bestimmten Personen zuordenbar. Eine Zusammenf\u00fchrung dieser Daten mit anderen Datenquellen wird von mir nicht vorgenommen. Ich behalte mir vor, diese Daten nachtr\u00e4glich zu pr\u00fcfen, wenn konkrete Anhaltspunkte f\u00fcr eine rechtwidrige Nutzung bekannt werden.<\/p>\n<h2><strong>Daten-Auskunft, -L\u00f6schung, -Sperrung<\/strong><\/h2>\n<h3>Es werden auf meiner Homepage keine Daten erhoben. Ihre<span style=\"font-size: 16px;\">\u00a0Daten werden nicht mit Dritten geteilt.\u00a0<\/span><\/h3>\n<p>Wie lange werden Ihre Daten gespeichert?<\/p>\n<p>Bei aktiver Kommentarfunktion: Wenn Sie einen Kommentar schreiben, wird dieser inklusive Metadaten zeitlich unbegrenzt gespeichert. Auf diese Art k\u00f6nnen Folgekommentare automatisch erkannt und freigegeben werden, anstelle diese in einer Moderations-Warteschlange festzuhalten.<\/p>\n<p>F\u00fcr Benutzer, die sich auf unserer Website registrieren, \u00a0werden zus\u00e4tzlich die pers\u00f6nlichen Informationen, die sie in ihren Benutzerprofilen angeben, gespeichert. Alle Benutzer k\u00f6nnen jederzeit ihre pers\u00f6nlichen Informationen einsehen, ver\u00e4ndern oder l\u00f6schen (der Benutzername kann nicht ver\u00e4ndert werden). Administratoren der Website k\u00f6nnen diese Informationen ebenfalls einsehen und ver\u00e4ndern.<\/p>\n<p>Welche Rechte haben Sie an Ihren Daten?<\/p>\n<p>Wenn Sie ein Konto auf dieser Website besitzen oder Kommentare geschrieben haben, k\u00f6nnen Sie einen Export Ihrer personenbezogenen Daten bei mir anfordern, inklusive aller Daten, die Sie mir mitgeteilt haben. Dar\u00fcber hinaus k\u00f6nnen Sie die L\u00f6schung aller personenbezogenen Daten, die \u00fcber Sie gespeichert wurden, anfordern. Dies umfasst nicht die Daten, die ich aufgrund administrativer, rechtlicher oder sicherheitsrelevanter Notwendigkeiten aufbewahren muss.<\/p>\n<p>Wohin werden Ihre Daten gesendet?<\/p>\n<p>Besucher-Kommentare k\u00f6nnten von einem Plug-In (automatisierter Dienst) zur Spam-Erkennung untersucht werden.<\/p>\n<h2><strong>Kontaktanfragen<\/strong><\/h2>\n<p>Wenn Sie mir per Telefon oder Email Anfragen zukommen lassen, werden Ihre Kontaktdaten zwecks Bearbeitung der Anfrage und f\u00fcr den Fall von Anschlussfragen bei mir gespeichert. Diese Daten gebe ich nicht ohne Ihre Einwilligung weiter.<\/p>\n<h2><strong>Personenbezogene Daten<\/strong><\/h2>\n<p>Personenbezogene Daten erhebe ich im Rahmen von Datenvermeidung und Datensparsamkeit nur in dem Ausma\u00df und so lange, wie es zur Nutzung unserer Webseite notwendig ist, beziehungsweise vom Gesetzgeber vorgeschrieben wird. Ich nehme den Schutz Ihrer pers\u00f6nlichen Daten ernst und halte mich bei Erhebung und Verarbeitung personenbezogener Daten streng an die entsprechenden gesetzlichen Vorschriften und an diese Datenschutzerkl\u00e4rung. F\u00e4llt der Zweck der Datenerhebung weg oder ist das Ende der gesetzlichen Speicherfrist erreicht, werden die erhobenen Daten gesperrt oder gel\u00f6scht. Regelm\u00e4\u00dfig kann meine Webseite ohne die Weitergabe pers\u00f6nlicher Daten genutzt werden. Wenn ich personenbezogene Daten erhebe \u2013 etwa Ihren Namen, Ihre Anschrift oder Ihre E-Mail-Adresse \u2013 erfolgt diese Datenerhebung freiwillig. Ohne eine ausdr\u00fccklich erteilte Zustimmung von Ihrer Seite werden diese Daten Dritten nicht zur Kenntnis gebracht. Beachten Sie bitte, dass Daten im Internet allgemein nicht immer sicher \u00fcbertragen werden. Besonders im E-Mail-Verkehr kann der Schutz beim Datenaustausch nicht garantiert werden.<\/p>\n<h2><strong>Widerspruch Werbe-E-Mails<\/strong><\/h2>\n<p>Im Rahmen der gesetzlichen Impressums-Pflicht und Datenschutzerkl\u00e4rung muss ich meine Kontaktdaten ver\u00f6ffentlichen. Diese werden von dritten Personen teilweise zur \u00dcbersendung nicht erw\u00fcnschter Werbung und Informationen genutzt.<br \/>\nIch widersprechen hiermit jeglicher von mir nicht ausdr\u00fccklich autorisierten \u00dcbersendung von Werbematerial aller Art. Ich behalten mir ferner ausdr\u00fccklich rechtliche Schritte gegen die unerw\u00fcnschte und unverlangte Zusendung von Werbematerial vor. Dies gilt insbesondere f\u00fcr sogenannte Spam-E-Mails, Spam-Briefe und Spam-Faxe. Ich weise darauf hin, dass die unautorisierte \u00dcbermittlung von Werbematerial sowohl wettbewerbsrechtliche, zivilrechtliche und strafrechtliche Tatbest\u00e4nde ber\u00fchren kann. Speziell Spam-E-Mails und Spam-Faxe k\u00f6nnen zu hohen Schadensersatzforderungen f\u00fchren, wenn sie den Gesch\u00e4ftsbetrieb durch \u00dcberf\u00fcllung von Postf\u00e4chern oder Faxger\u00e4ten st\u00f6ren.<\/p>\n<h2>Kontakt-Informationen<\/h2>\n<p>M\u00fcjgan Topcu: <a href=\"mailto:Naturheilpraxis@topcu.de\">Naturheilpraxis@topcu.de<\/a><\/p>\n<h5><span style=\"color: #ff0000;\"><em><span style=\"font-size: 1.4em;\">Aktualisiert am 03. Juni 2018\u00a0<\/span><\/em><\/span><\/h5>\n","protected":false},"excerpt":{"rendered":"<p>Sehr geehrter Besucher meiner Homepage, ich bin verpflichtet, Sie umfassend \u00fcber den Umfang und den Zweck der im Rahmen der Homepagenutzung erhobener Daten und Ihre damit verbundenen Rechte zu informieren.\u00a0Die folgenden Datenschutzerkl\u00e4rung gilt f\u00fcr die Datenverarbeitung durch die &#8222;Naturheilpraxis Topcu&#8220;. &hellip; <a href=\"http:\/\/naturheilpraxis.topcu.de\/?page_id=232\">Weiterlesen <span class=\"meta-nav\">&rarr;<\/span><\/a><\/p>\n","protected":false},"author":1,"featured_media":0,"parent":0,"menu_order":5,"comment_status":"closed","ping_status":"closed","template":"","meta":{"footnotes":""},"class_list":["post-232","page","type-page","status-publish","hentry"],"_links":{"self":[{"href":"http:\/\/naturheilpraxis.topcu.de\/index.php?rest_route=\/wp\/v2\/pages\/232","targetHints":{"allow":["GET"]}}],"collection":[{"href":"http:\/\/naturheilpraxis.topcu.de\/index.php?rest_route=\/wp\/v2\/pages"}],"about":[{"href":"http:\/\/naturheilpraxis.topcu.de\/index.php?rest_route=\/wp\/v2\/types\/page"}],"author":[{"embeddable":true,"href":"http:\/\/naturheilpraxis.topcu.de\/index.php?rest_route=\/wp\/v2\/users\/1"}],"replies":[{"embeddable":true,"href":"http:\/\/naturheilpraxis.topcu.de\/index.php?rest_route=%2Fwp%2Fv2%2Fcomments&post=232"}],"version-history":[{"count":8,"href":"http:\/\/naturheilpraxis.topcu.de\/index.php?rest_route=\/wp\/v2\/pages\/232\/revisions"}],"predecessor-version":[{"id":241,"href":"http:\/\/naturheilpraxis.topcu.de\/index.php?rest_route=\/wp\/v2\/pages\/232\/revisions\/241"}],"wp:attachment":[{"href":"http:\/\/naturheilpraxis.topcu.de\/index.php?rest_route=%2Fwp%2Fv2%2Fmedia&parent=232"}],"curies":[{"name":"wp","href":"https:\/\/api.w.org\/{rel}","templated":true}]}}