{"id":38,"date":"2012-08-25T00:26:22","date_gmt":"2012-08-24T22:26:22","guid":{"rendered":"http:\/\/naturheilpraxis.topcu.de\/?page_id=38"},"modified":"2013-08-25T12:11:38","modified_gmt":"2013-08-25T10:11:38","slug":"patienteninformation","status":"publish","type":"page","link":"http:\/\/naturheilpraxis.topcu.de\/?page_id=38","title":{"rendered":"Patienteninformation"},"content":{"rendered":"<p>Grunds\u00e4tzlich gilt das\u00a0Geb\u00fchrenverzeichnis (Geb\u00fcH 85) f\u00fcr Heilpraktiker (HP).<br \/>\nDas Honorar f\u00fcr Behandlungen richtet sich nach dem individuellen Aufwand.<\/p>\n<div title=\"Page 1\">\n<p><strong>Private Krankenkassen\/Beihilfe:<br \/>\n<\/strong>HP-Rechnungen k\u00f6nnen von privaten Krankenkassen ganz oder teilweise erstattet werden. Bitte fragen Sie bei Ihrer Versicherung nach. Die Leistungen sind abh\u00e4ngig von der Versicherung des Patienten sowie von den angewandten Verfahren.<\/p>\n<p><strong>Gesetzliche Krankenkassen und Zusatzversicherte:<\/strong><br \/>\nGesetzlich Kassen \u00fcbernehmen derzeit keine HP-Leistungen (aufgrund der Bestimmungen des Sozialgesetzbuches).\u00a0Patienten, mit einer Zusatzversicherung, die den Heilpraktiker mit einschlie\u00dft, k\u00f6nnen ihren Unterlagen entnehmen, wie ihre Bedingungen gestaltet sind. Je nach Versicherer werden alle Kosten oder\u00a0zumindest der gr\u00f6\u00dfere Teil \u00fcbernommen.<\/p>\n<p><strong>Honorar<\/strong><br \/>\nDie Bezahlung eines HP \u0301s erfolgt sofort nach erbrachter Behandlung und Rechnungstellung \/ Quittung bar oder per \u00dcberweisung. Jeder Patient ist Selbstzahler, die Verpflichtung zur Zahlung des Honorars gegen\u00fcber dem Heilpraktiker ist nicht von einer etwaigen R\u00fcckerstattung privater Krankenversicherungen oder Beihilfestellen abh\u00e4ngig.<br \/>\nInjektionen, wertvolle \u00d6le, Blutegel usw. werden zum Einkaufspreis berechnet.<\/p>\n<\/div>\n<div title=\"Page 2\">\n<p><strong>Rechtliches:<\/strong><br \/>\nSelbstverst\u00e4ndlich unterliegt der HP auch der Schweigepflicht. Eine Entbindung des HP`s von der Schweigepflicht kann nur durch den Patienten erfolgen, sowie in bestimmten F\u00e4llen durch das Strafrecht.<br \/>\nHeilpraktiker \u00fcben ihren Beruf eigenverantwortlich aus und z\u00e4hlen zu den freien Berufen im Sinne des \u00a7 18 EStG.\u00a0Die T\u00e4tigkeit der HP beruht auf einen zum b\u00fcrgerlichen Recht geh\u00f6renden Dienst- Vertrag mit dem Patienten. Der Vertrag ist laut \u00a7 145 BGB nicht an eine Form gebunden und kann auch ohne ausdr\u00fcckliche Vereinbarung durch schl\u00fcssige Handlung zustande kommen.<br \/>\nDer HP schlie\u00dft mit dem Patienten einen Dienstvertrag (\u00a7\u00a7 611 &#8211; 630 BGB), der ihn zur Leistung der versprochenen Dienste (Bem\u00fchen um Heilung oder Linderung der Krankheit im gegenseitigen Einverst\u00e4ndnis) und den Patienten zur Gew\u00e4hrung einer Verg\u00fctung verpflichtet.<br \/>\nNach \u00a7 611 BGB ist die H\u00f6he der Verg\u00fctung der freien Vereinbarung zwischen HP und Patient \u00fcberlassen.<br \/>\nDie Gew\u00e4hrung der Verg\u00fctung ist nicht von einem Heilerfolg abh\u00e4ngig, es besteht jedoch f\u00fcr den HP die Verpflichtung zu einer gewissenhaften Behandlung unter Beachtung der Aufkl\u00e4rungs- und Sorgfaltspflicht.<br \/>\nDie Aus\u00fcbung der Heilpraktikert\u00e4tigkeit ist ein freier medizinischer Beruf und unterliegt nicht der Mehrwertsteuerpflicht.<\/p>\n<\/div>\n<div title=\"Page 3\">\n<p>&nbsp;<\/p>\n<p>&nbsp;<\/p>\n<p>&nbsp;<\/p>\n<\/div>\n","protected":false},"excerpt":{"rendered":"<p>Grunds\u00e4tzlich gilt das\u00a0Geb\u00fchrenverzeichnis (Geb\u00fcH 85) f\u00fcr Heilpraktiker (HP). Das Honorar f\u00fcr Behandlungen richtet sich nach dem individuellen Aufwand. Private Krankenkassen\/Beihilfe: HP-Rechnungen k\u00f6nnen von privaten Krankenkassen ganz oder teilweise erstattet werden. Bitte fragen Sie bei Ihrer Versicherung nach. Die Leistungen sind &hellip; <a href=\"http:\/\/naturheilpraxis.topcu.de\/?page_id=38\">Weiterlesen <span class=\"meta-nav\">&rarr;<\/span><\/a><\/p>\n","protected":false},"author":1,"featured_media":0,"parent":0,"menu_order":0,"comment_status":"open","ping_status":"open","template":"","meta":{"footnotes":""},"class_list":["post-38","page","type-page","status-publish","hentry"],"_links":{"self":[{"href":"http:\/\/naturheilpraxis.topcu.de\/index.php?rest_route=\/wp\/v2\/pages\/38","targetHints":{"allow":["GET"]}}],"collection":[{"href":"http:\/\/naturheilpraxis.topcu.de\/index.php?rest_route=\/wp\/v2\/pages"}],"about":[{"href":"http:\/\/naturheilpraxis.topcu.de\/index.php?rest_route=\/wp\/v2\/types\/page"}],"author":[{"embeddable":true,"href":"http:\/\/naturheilpraxis.topcu.de\/index.php?rest_route=\/wp\/v2\/users\/1"}],"replies":[{"embeddable":true,"href":"http:\/\/naturheilpraxis.topcu.de\/index.php?rest_route=%2Fwp%2Fv2%2Fcomments&post=38"}],"version-history":[{"count":7,"href":"http:\/\/naturheilpraxis.topcu.de\/index.php?rest_route=\/wp\/v2\/pages\/38\/revisions"}],"predecessor-version":[{"id":198,"href":"http:\/\/naturheilpraxis.topcu.de\/index.php?rest_route=\/wp\/v2\/pages\/38\/revisions\/198"}],"wp:attachment":[{"href":"http:\/\/naturheilpraxis.topcu.de\/index.php?rest_route=%2Fwp%2Fv2%2Fmedia&parent=38"}],"curies":[{"name":"wp","href":"https:\/\/api.w.org\/{rel}","templated":true}]}}